{"id":13778,"date":"2025-10-19T10:52:27","date_gmt":"2025-10-19T10:52:27","guid":{"rendered":"https:\/\/fotorosta.cz\/?page_id=13778"},"modified":"2025-10-19T10:52:27","modified_gmt":"2025-10-19T10:52:27","slug":"dynovani-na-dolnim-hristi","status":"publish","type":"page","link":"https:\/\/fotorosta.cz\/?page_id=13778","title":{"rendered":"<strong>&#8222;D\u00fd\u0148ov\u00e1n\u00ed&#8220; na doln\u00edm h\u0159i\u0161ti<\/strong>"},"content":{"rendered":"\n<!-- default-view.php -->\n<div\n\tclass=\"ngg-galleryoverview default-view  ngg-ajax-pagination-none\"\n\tid=\"ngg-gallery-957206c1b23208d1d5a136554c69abc5-1\">\n\n\t\t<!-- Thumbnails -->\n\t\t\t\t<div id=\"ngg-image-0\" class=\"ngg-gallery-thumbnail-box \" >\n\t\t\t\t        <div class=\"ngg-gallery-thumbnail\">\n            <a href=\"https:\/\/fotorosta.cz\/wp-content\/gallery\/dynobrani\/DSC_2704.JPG\"\n               title=\"\"\n               data-src=\"https:\/\/fotorosta.cz\/wp-content\/gallery\/dynobrani\/DSC_2704.JPG\"\n               data-thumbnail=\"https:\/\/fotorosta.cz\/wp-content\/gallery\/dynobrani\/thumbs\/thumbs_DSC_2704.JPG\"\n               data-image-id=\"57075\"\n               data-title=\"DSC_2704\"\n               data-description=\"\"\n               data-image-slug=\"dsc_2704-1\"\n               class=\"shutterset_957206c1b23208d1d5a136554c69abc5\">\n                <img\n                    title=\"DSC_2704\"\n                    alt=\"DSC_2704\"\n                    src=\"https:\/\/fotorosta.cz\/wp-content\/gallery\/dynobrani\/thumbs\/thumbs_DSC_2704.JPG\"\n                    width=\"100\"\n                    height=\"75\"\n                    style=\"max-width:100%;\"\n                \/>\n            <\/a>\n        <\/div>\n\t\t\t\t\t\t\t<\/div> \n\t\t\t\n\t\t\t\t<div id=\"ngg-image-1\" class=\"ngg-gallery-thumbnail-box \" >\n\t\t\t\t        <div class=\"ngg-gallery-thumbnail\">\n            <a href=\"https:\/\/fotorosta.cz\/wp-content\/gallery\/dynobrani\/DSC_2665.JPG\"\n               title=\"\"\n               data-src=\"https:\/\/fotorosta.cz\/wp-content\/gallery\/dynobrani\/DSC_2665.JPG\"\n               data-thumbnail=\"https:\/\/fotorosta.cz\/wp-content\/gallery\/dynobrani\/thumbs\/thumbs_DSC_2665.JPG\"\n               data-image-id=\"57076\"\n               data-title=\"DSC_2665\"\n               data-description=\"\"\n               data-image-slug=\"dsc_2665-1\"\n               class=\"shutterset_957206c1b23208d1d5a136554c69abc5\">\n                <img\n                    title=\"DSC_2665\"\n                    alt=\"DSC_2665\"\n                    src=\"https:\/\/fotorosta.cz\/wp-content\/gallery\/dynobrani\/thumbs\/thumbs_DSC_2665.JPG\"\n                    width=\"100\"\n                    height=\"75\"\n                    style=\"max-width:100%;\"\n                \/>\n            <\/a>\n        <\/div>\n\t\t\t\t\t\t\t<\/div> \n\t\t\t\n\t\t\t\t<div id=\"ngg-image-2\" class=\"ngg-gallery-thumbnail-box \" >\n\t\t\t\t        <div class=\"ngg-gallery-thumbnail\">\n            <a href=\"https:\/\/fotorosta.cz\/wp-content\/gallery\/dynobrani\/DSC_2697.JPG\"\n               title=\"\"\n               data-src=\"https:\/\/fotorosta.cz\/wp-content\/gallery\/dynobrani\/DSC_2697.JPG\"\n               data-thumbnail=\"https:\/\/fotorosta.cz\/wp-content\/gallery\/dynobrani\/thumbs\/thumbs_DSC_2697.JPG\"\n               data-image-id=\"57077\"\n               data-title=\"DSC_2697\"\n               data-description=\"\"\n               data-image-slug=\"dsc_2697-6\"\n               class=\"shutterset_957206c1b23208d1d5a136554c69abc5\">\n                <img\n                    title=\"DSC_2697\"\n                    alt=\"DSC_2697\"\n                    src=\"https:\/\/fotorosta.cz\/wp-content\/gallery\/dynobrani\/thumbs\/thumbs_DSC_2697.JPG\"\n                    width=\"100\"\n                    height=\"75\"\n                    style=\"max-width:100%;\"\n                \/>\n            <\/a>\n        <\/div>\n\t\t\t\t\t\t\t<\/div> \n\t\t\t\n\t\t\t\t<div id=\"ngg-image-3\" class=\"ngg-gallery-thumbnail-box \" >\n\t\t\t\t        <div class=\"ngg-gallery-thumbnail\">\n            <a href=\"https:\/\/fotorosta.cz\/wp-content\/gallery\/dynobrani\/DSC_2669.JPG\"\n               title=\"\"\n               data-src=\"https:\/\/fotorosta.cz\/wp-content\/gallery\/dynobrani\/DSC_2669.JPG\"\n               data-thumbnail=\"https:\/\/fotorosta.cz\/wp-content\/gallery\/dynobrani\/thumbs\/thumbs_DSC_2669.JPG\"\n               data-image-id=\"57078\"\n               data-title=\"DSC_2669\"\n               data-description=\"\"\n               data-image-slug=\"dsc_2669-3\"\n               class=\"shutterset_957206c1b23208d1d5a136554c69abc5\">\n                <img\n                    title=\"DSC_2669\"\n                    alt=\"DSC_2669\"\n                    src=\"https:\/\/fotorosta.cz\/wp-content\/gallery\/dynobrani\/thumbs\/thumbs_DSC_2669.JPG\"\n                    width=\"100\"\n                    height=\"75\"\n                    style=\"max-width:100%;\"\n                \/>\n            <\/a>\n        <\/div>\n\t\t\t\t\t\t\t<\/div> \n\t\t\t\n\t\t\t\t<div id=\"ngg-image-4\" class=\"ngg-gallery-thumbnail-box \" >\n\t\t\t\t        <div class=\"ngg-gallery-thumbnail\">\n            <a href=\"https:\/\/fotorosta.cz\/wp-content\/gallery\/dynobrani\/DSC_2710.JPG\"\n               title=\"\"\n               data-src=\"https:\/\/fotorosta.cz\/wp-content\/gallery\/dynobrani\/DSC_2710.JPG\"\n               data-thumbnail=\"https:\/\/fotorosta.cz\/wp-content\/gallery\/dynobrani\/thumbs\/thumbs_DSC_2710.JPG\"\n               data-image-id=\"57079\"\n               data-title=\"DSC_2710\"\n               data-description=\"\"\n               data-image-slug=\"dsc_2710-6\"\n               class=\"shutterset_957206c1b23208d1d5a136554c69abc5\">\n                <img\n                    title=\"DSC_2710\"\n                    alt=\"DSC_2710\"\n                    src=\"https:\/\/fotorosta.cz\/wp-content\/gallery\/dynobrani\/thumbs\/thumbs_DSC_2710.JPG\"\n                    width=\"100\"\n                    height=\"75\"\n                    style=\"max-width:100%;\"\n                \/>\n            <\/a>\n        <\/div>\n\t\t\t\t\t\t\t<\/div> \n\t\t\t\n\t\t\t\t<div id=\"ngg-image-5\" class=\"ngg-gallery-thumbnail-box \" >\n\t\t\t\t        <div class=\"ngg-gallery-thumbnail\">\n            <a href=\"https:\/\/fotorosta.cz\/wp-content\/gallery\/dynobrani\/DSC_2689.JPG\"\n               title=\"\"\n               data-src=\"https:\/\/fotorosta.cz\/wp-content\/gallery\/dynobrani\/DSC_2689.JPG\"\n               data-thumbnail=\"https:\/\/fotorosta.cz\/wp-content\/gallery\/dynobrani\/thumbs\/thumbs_DSC_2689.JPG\"\n               data-image-id=\"57080\"\n               data-title=\"DSC_2689\"\n               data-description=\"\"\n               data-image-slug=\"dsc_2689-3\"\n               class=\"shutterset_957206c1b23208d1d5a136554c69abc5\">\n                <img\n                    title=\"DSC_2689\"\n                    alt=\"DSC_2689\"\n                    src=\"https:\/\/fotorosta.cz\/wp-content\/gallery\/dynobrani\/thumbs\/thumbs_DSC_2689.JPG\"\n                    width=\"100\"\n                    height=\"75\"\n                    style=\"max-width:100%;\"\n                \/>\n            <\/a>\n        <\/div>\n\t\t\t\t\t\t\t<\/div> \n\t\t\t\n\t\t\t\t<div id=\"ngg-image-6\" class=\"ngg-gallery-thumbnail-box \" >\n\t\t\t\t        <div class=\"ngg-gallery-thumbnail\">\n            <a href=\"https:\/\/fotorosta.cz\/wp-content\/gallery\/dynobrani\/DSC_2717.JPG\"\n               title=\"\"\n               data-src=\"https:\/\/fotorosta.cz\/wp-content\/gallery\/dynobrani\/DSC_2717.JPG\"\n               data-thumbnail=\"https:\/\/fotorosta.cz\/wp-content\/gallery\/dynobrani\/thumbs\/thumbs_DSC_2717.JPG\"\n               data-image-id=\"57081\"\n               data-title=\"DSC_2717\"\n               data-description=\"\"\n               data-image-slug=\"dsc_2717-4\"\n               class=\"shutterset_957206c1b23208d1d5a136554c69abc5\">\n                <img\n                    title=\"DSC_2717\"\n                    alt=\"DSC_2717\"\n                    src=\"https:\/\/fotorosta.cz\/wp-content\/gallery\/dynobrani\/thumbs\/thumbs_DSC_2717.JPG\"\n                    width=\"100\"\n                    height=\"75\"\n                    style=\"max-width:100%;\"\n                \/>\n            <\/a>\n        <\/div>\n\t\t\t\t\t\t\t<\/div> \n\t\t\t\n\t\t\t\t<div id=\"ngg-image-7\" class=\"ngg-gallery-thumbnail-box \" >\n\t\t\t\t        <div class=\"ngg-gallery-thumbnail\">\n            <a href=\"https:\/\/fotorosta.cz\/wp-content\/gallery\/dynobrani\/DSC_2720.JPG\"\n               title=\"\"\n               data-src=\"https:\/\/fotorosta.cz\/wp-content\/gallery\/dynobrani\/DSC_2720.JPG\"\n               data-thumbnail=\"https:\/\/fotorosta.cz\/wp-content\/gallery\/dynobrani\/thumbs\/thumbs_DSC_2720.JPG\"\n               data-image-id=\"57082\"\n               data-title=\"DSC_2720\"\n               data-description=\"\"\n               data-image-slug=\"dsc_2720-5\"\n               class=\"shutterset_957206c1b23208d1d5a136554c69abc5\">\n                <img\n                    title=\"DSC_2720\"\n                    alt=\"DSC_2720\"\n                    src=\"https:\/\/fotorosta.cz\/wp-content\/gallery\/dynobrani\/thumbs\/thumbs_DSC_2720.JPG\"\n                    width=\"100\"\n                    height=\"75\"\n                    style=\"max-width:100%;\"\n                \/>\n            <\/a>\n        <\/div>\n\t\t\t\t\t\t\t<\/div> \n\t\t\t\n\t\t\t\t<div id=\"ngg-image-8\" class=\"ngg-gallery-thumbnail-box \" >\n\t\t\t\t        <div class=\"ngg-gallery-thumbnail\">\n            <a href=\"https:\/\/fotorosta.cz\/wp-content\/gallery\/dynobrani\/DSC_2739.JPG\"\n               title=\"\"\n               data-src=\"https:\/\/fotorosta.cz\/wp-content\/gallery\/dynobrani\/DSC_2739.JPG\"\n               data-thumbnail=\"https:\/\/fotorosta.cz\/wp-content\/gallery\/dynobrani\/thumbs\/thumbs_DSC_2739.JPG\"\n               data-image-id=\"57083\"\n               data-title=\"DSC_2739\"\n               data-description=\"\"\n               data-image-slug=\"dsc_2739-3\"\n               class=\"shutterset_957206c1b23208d1d5a136554c69abc5\">\n                <img\n                    title=\"DSC_2739\"\n                    alt=\"DSC_2739\"\n                    src=\"https:\/\/fotorosta.cz\/wp-content\/gallery\/dynobrani\/thumbs\/thumbs_DSC_2739.JPG\"\n                    width=\"100\"\n                    height=\"75\"\n                    style=\"max-width:100%;\"\n                \/>\n            <\/a>\n        <\/div>\n\t\t\t\t\t\t\t<\/div> \n\t\t\t\n\t\t\t\t<div id=\"ngg-image-9\" class=\"ngg-gallery-thumbnail-box \" >\n\t\t\t\t        <div class=\"ngg-gallery-thumbnail\">\n            <a href=\"https:\/\/fotorosta.cz\/wp-content\/gallery\/dynobrani\/DSC_2749.JPG\"\n               title=\"\"\n               data-src=\"https:\/\/fotorosta.cz\/wp-content\/gallery\/dynobrani\/DSC_2749.JPG\"\n               data-thumbnail=\"https:\/\/fotorosta.cz\/wp-content\/gallery\/dynobrani\/thumbs\/thumbs_DSC_2749.JPG\"\n               data-image-id=\"57084\"\n               data-title=\"DSC_2749\"\n               data-description=\"\"\n               data-image-slug=\"dsc_2749-6\"\n               class=\"shutterset_957206c1b23208d1d5a136554c69abc5\">\n                <img\n                    title=\"DSC_2749\"\n                    alt=\"DSC_2749\"\n                    src=\"https:\/\/fotorosta.cz\/wp-content\/gallery\/dynobrani\/thumbs\/thumbs_DSC_2749.JPG\"\n                    width=\"100\"\n                    height=\"75\"\n                    style=\"max-width:100%;\"\n                \/>\n            <\/a>\n        <\/div>\n\t\t\t\t\t\t\t<\/div> \n\t\t\t\n\t\t\t\t<div id=\"ngg-image-10\" class=\"ngg-gallery-thumbnail-box \" >\n\t\t\t\t        <div class=\"ngg-gallery-thumbnail\">\n            <a href=\"https:\/\/fotorosta.cz\/wp-content\/gallery\/dynobrani\/DSC_2769.JPG\"\n               title=\"\"\n               data-src=\"https:\/\/fotorosta.cz\/wp-content\/gallery\/dynobrani\/DSC_2769.JPG\"\n               data-thumbnail=\"https:\/\/fotorosta.cz\/wp-content\/gallery\/dynobrani\/thumbs\/thumbs_DSC_2769.JPG\"\n               data-image-id=\"57085\"\n               data-title=\"DSC_2769\"\n               data-description=\"\"\n               data-image-slug=\"dsc_2769-3\"\n               class=\"shutterset_957206c1b23208d1d5a136554c69abc5\">\n                <img\n                    title=\"DSC_2769\"\n                    alt=\"DSC_2769\"\n                    src=\"https:\/\/fotorosta.cz\/wp-content\/gallery\/dynobrani\/thumbs\/thumbs_DSC_2769.JPG\"\n                    width=\"100\"\n                    height=\"75\"\n                    style=\"max-width:100%;\"\n                \/>\n            <\/a>\n        <\/div>\n\t\t\t\t\t\t\t<\/div> \n\t\t\t\n\t\t\t\t<div id=\"ngg-image-11\" class=\"ngg-gallery-thumbnail-box \" >\n\t\t\t\t        <div class=\"ngg-gallery-thumbnail\">\n            <a href=\"https:\/\/fotorosta.cz\/wp-content\/gallery\/dynobrani\/DSC_2782.JPG\"\n               title=\"\"\n               data-src=\"https:\/\/fotorosta.cz\/wp-content\/gallery\/dynobrani\/DSC_2782.JPG\"\n               data-thumbnail=\"https:\/\/fotorosta.cz\/wp-content\/gallery\/dynobrani\/thumbs\/thumbs_DSC_2782.JPG\"\n               data-image-id=\"57086\"\n               data-title=\"DSC_2782\"\n               data-description=\"\"\n               data-image-slug=\"dsc_2782-3\"\n               class=\"shutterset_957206c1b23208d1d5a136554c69abc5\">\n                <img\n                    title=\"DSC_2782\"\n                    alt=\"DSC_2782\"\n                    src=\"https:\/\/fotorosta.cz\/wp-content\/gallery\/dynobrani\/thumbs\/thumbs_DSC_2782.JPG\"\n                    width=\"100\"\n                    height=\"75\"\n                    style=\"max-width:100%;\"\n                \/>\n            <\/a>\n        <\/div>\n\t\t\t\t\t\t\t<\/div> \n\t\t\t\n\t\t\t\t<div id=\"ngg-image-12\" class=\"ngg-gallery-thumbnail-box \" >\n\t\t\t\t        <div class=\"ngg-gallery-thumbnail\">\n            <a href=\"https:\/\/fotorosta.cz\/wp-content\/gallery\/dynobrani\/DSC_2792.JPG\"\n               title=\"\"\n               data-src=\"https:\/\/fotorosta.cz\/wp-content\/gallery\/dynobrani\/DSC_2792.JPG\"\n               data-thumbnail=\"https:\/\/fotorosta.cz\/wp-content\/gallery\/dynobrani\/thumbs\/thumbs_DSC_2792.JPG\"\n               data-image-id=\"57087\"\n               data-title=\"DSC_2792\"\n               data-description=\"\"\n               data-image-slug=\"dsc_2792-5\"\n               class=\"shutterset_957206c1b23208d1d5a136554c69abc5\">\n                <img\n                    title=\"DSC_2792\"\n                    alt=\"DSC_2792\"\n                    src=\"https:\/\/fotorosta.cz\/wp-content\/gallery\/dynobrani\/thumbs\/thumbs_DSC_2792.JPG\"\n                    width=\"100\"\n                    height=\"75\"\n                    style=\"max-width:100%;\"\n                \/>\n            <\/a>\n        <\/div>\n\t\t\t\t\t\t\t<\/div> \n\t\t\t\n\t\t\t\t<div id=\"ngg-image-13\" class=\"ngg-gallery-thumbnail-box \" >\n\t\t\t\t        <div class=\"ngg-gallery-thumbnail\">\n            <a href=\"https:\/\/fotorosta.cz\/wp-content\/gallery\/dynobrani\/DSC_2805.JPG\"\n               title=\"\"\n               data-src=\"https:\/\/fotorosta.cz\/wp-content\/gallery\/dynobrani\/DSC_2805.JPG\"\n               data-thumbnail=\"https:\/\/fotorosta.cz\/wp-content\/gallery\/dynobrani\/thumbs\/thumbs_DSC_2805.JPG\"\n               data-image-id=\"57088\"\n               data-title=\"DSC_2805\"\n               data-description=\"\"\n               data-image-slug=\"dsc_2805-5\"\n               class=\"shutterset_957206c1b23208d1d5a136554c69abc5\">\n                <img\n                    title=\"DSC_2805\"\n                    alt=\"DSC_2805\"\n                    src=\"https:\/\/fotorosta.cz\/wp-content\/gallery\/dynobrani\/thumbs\/thumbs_DSC_2805.JPG\"\n                    width=\"100\"\n                    height=\"75\"\n                    style=\"max-width:100%;\"\n                \/>\n            <\/a>\n        <\/div>\n\t\t\t\t\t\t\t<\/div> \n\t\t\t\n\t\t\t\t<div id=\"ngg-image-14\" class=\"ngg-gallery-thumbnail-box \" >\n\t\t\t\t        <div class=\"ngg-gallery-thumbnail\">\n            <a href=\"https:\/\/fotorosta.cz\/wp-content\/gallery\/dynobrani\/DSC_2821.JPG\"\n               title=\"\"\n               data-src=\"https:\/\/fotorosta.cz\/wp-content\/gallery\/dynobrani\/DSC_2821.JPG\"\n               data-thumbnail=\"https:\/\/fotorosta.cz\/wp-content\/gallery\/dynobrani\/thumbs\/thumbs_DSC_2821.JPG\"\n               data-image-id=\"57089\"\n               data-title=\"DSC_2821\"\n               data-description=\"\"\n               data-image-slug=\"dsc_2821-3\"\n               class=\"shutterset_957206c1b23208d1d5a136554c69abc5\">\n                <img\n                    title=\"DSC_2821\"\n                    alt=\"DSC_2821\"\n                    src=\"https:\/\/fotorosta.cz\/wp-content\/gallery\/dynobrani\/thumbs\/thumbs_DSC_2821.JPG\"\n                    width=\"100\"\n                    height=\"75\"\n                    style=\"max-width:100%;\"\n                \/>\n            <\/a>\n        <\/div>\n\t\t\t\t\t\t\t<\/div> \n\t\t\t\n\t\t\t\t<div id=\"ngg-image-15\" class=\"ngg-gallery-thumbnail-box \" >\n\t\t\t\t        <div class=\"ngg-gallery-thumbnail\">\n            <a href=\"https:\/\/fotorosta.cz\/wp-content\/gallery\/dynobrani\/DSC_2827.JPG\"\n               title=\"\"\n               data-src=\"https:\/\/fotorosta.cz\/wp-content\/gallery\/dynobrani\/DSC_2827.JPG\"\n               data-thumbnail=\"https:\/\/fotorosta.cz\/wp-content\/gallery\/dynobrani\/thumbs\/thumbs_DSC_2827.JPG\"\n               data-image-id=\"57090\"\n               data-title=\"DSC_2827\"\n               data-description=\"\"\n               data-image-slug=\"dsc_2827-3\"\n               class=\"shutterset_957206c1b23208d1d5a136554c69abc5\">\n                <img\n                    title=\"DSC_2827\"\n                    alt=\"DSC_2827\"\n                    src=\"https:\/\/fotorosta.cz\/wp-content\/gallery\/dynobrani\/thumbs\/thumbs_DSC_2827.JPG\"\n                    width=\"100\"\n                    height=\"75\"\n                    style=\"max-width:100%;\"\n                \/>\n            <\/a>\n        <\/div>\n\t\t\t\t\t\t\t<\/div> \n\t\t\t\n\t\t\t\t<div id=\"ngg-image-16\" class=\"ngg-gallery-thumbnail-box \" >\n\t\t\t\t        <div class=\"ngg-gallery-thumbnail\">\n            <a href=\"https:\/\/fotorosta.cz\/wp-content\/gallery\/dynobrani\/RP1_1905.JPG\"\n               title=\"\"\n               data-src=\"https:\/\/fotorosta.cz\/wp-content\/gallery\/dynobrani\/RP1_1905.JPG\"\n               data-thumbnail=\"https:\/\/fotorosta.cz\/wp-content\/gallery\/dynobrani\/thumbs\/thumbs_RP1_1905.JPG\"\n               data-image-id=\"57091\"\n               data-title=\"RP1_1905\"\n               data-description=\"\"\n               data-image-slug=\"rp1_1905\"\n               class=\"shutterset_957206c1b23208d1d5a136554c69abc5\">\n                <img\n                    title=\"RP1_1905\"\n                    alt=\"RP1_1905\"\n                    src=\"https:\/\/fotorosta.cz\/wp-content\/gallery\/dynobrani\/thumbs\/thumbs_RP1_1905.JPG\"\n                    width=\"100\"\n                    height=\"75\"\n                    style=\"max-width:100%;\"\n                \/>\n            <\/a>\n        <\/div>\n\t\t\t\t\t\t\t<\/div> \n\t\t\t\n\t\t\t\t<div id=\"ngg-image-17\" class=\"ngg-gallery-thumbnail-box \" >\n\t\t\t\t        <div class=\"ngg-gallery-thumbnail\">\n            <a href=\"https:\/\/fotorosta.cz\/wp-content\/gallery\/dynobrani\/RP1_1911.JPG\"\n               title=\"\"\n               data-src=\"https:\/\/fotorosta.cz\/wp-content\/gallery\/dynobrani\/RP1_1911.JPG\"\n               data-thumbnail=\"https:\/\/fotorosta.cz\/wp-content\/gallery\/dynobrani\/thumbs\/thumbs_RP1_1911.JPG\"\n               data-image-id=\"57092\"\n               data-title=\"RP1_1911\"\n               data-description=\"\"\n               data-image-slug=\"rp1_1911\"\n               class=\"shutterset_957206c1b23208d1d5a136554c69abc5\">\n                <img\n                    title=\"RP1_1911\"\n                    alt=\"RP1_1911\"\n                    src=\"https:\/\/fotorosta.cz\/wp-content\/gallery\/dynobrani\/thumbs\/thumbs_RP1_1911.JPG\"\n                    width=\"100\"\n                    height=\"75\"\n                    style=\"max-width:100%;\"\n                \/>\n            <\/a>\n        <\/div>\n\t\t\t\t\t\t\t<\/div> \n\t\t\t\n\t\t\t\t<div id=\"ngg-image-18\" class=\"ngg-gallery-thumbnail-box \" >\n\t\t\t\t        <div class=\"ngg-gallery-thumbnail\">\n            <a href=\"https:\/\/fotorosta.cz\/wp-content\/gallery\/dynobrani\/RP1_1922.JPG\"\n               title=\"\"\n               data-src=\"https:\/\/fotorosta.cz\/wp-content\/gallery\/dynobrani\/RP1_1922.JPG\"\n               data-thumbnail=\"https:\/\/fotorosta.cz\/wp-content\/gallery\/dynobrani\/thumbs\/thumbs_RP1_1922.JPG\"\n               data-image-id=\"57093\"\n               data-title=\"RP1_1922\"\n               data-description=\"\"\n               data-image-slug=\"rp1_1922\"\n               class=\"shutterset_957206c1b23208d1d5a136554c69abc5\">\n                <img\n                    title=\"RP1_1922\"\n                    alt=\"RP1_1922\"\n                    src=\"https:\/\/fotorosta.cz\/wp-content\/gallery\/dynobrani\/thumbs\/thumbs_RP1_1922.JPG\"\n                    width=\"100\"\n                    height=\"75\"\n                    style=\"max-width:100%;\"\n                \/>\n            <\/a>\n        <\/div>\n\t\t\t\t\t\t\t<\/div> \n\t\t\t\n\t\t\t\t<div id=\"ngg-image-19\" class=\"ngg-gallery-thumbnail-box \" >\n\t\t\t\t        <div class=\"ngg-gallery-thumbnail\">\n            <a href=\"https:\/\/fotorosta.cz\/wp-content\/gallery\/dynobrani\/RP1_1918.JPG\"\n               title=\"\"\n               data-src=\"https:\/\/fotorosta.cz\/wp-content\/gallery\/dynobrani\/RP1_1918.JPG\"\n               data-thumbnail=\"https:\/\/fotorosta.cz\/wp-content\/gallery\/dynobrani\/thumbs\/thumbs_RP1_1918.JPG\"\n               data-image-id=\"57094\"\n               data-title=\"RP1_1918\"\n               data-description=\"\"\n               data-image-slug=\"rp1_1918\"\n               class=\"shutterset_957206c1b23208d1d5a136554c69abc5\">\n                <img\n                    title=\"RP1_1918\"\n                    alt=\"RP1_1918\"\n                    src=\"https:\/\/fotorosta.cz\/wp-content\/gallery\/dynobrani\/thumbs\/thumbs_RP1_1918.JPG\"\n                    width=\"100\"\n                    height=\"75\"\n                    style=\"max-width:100%;\"\n                \/>\n            <\/a>\n        <\/div>\n\t\t\t\t\t\t\t<\/div> \n\t\t\t\n\t\t\t\t<div id=\"ngg-image-20\" class=\"ngg-gallery-thumbnail-box \" >\n\t\t\t\t        <div class=\"ngg-gallery-thumbnail\">\n            <a href=\"https:\/\/fotorosta.cz\/wp-content\/gallery\/dynobrani\/RP1_1913.JPG\"\n               title=\"\"\n               data-src=\"https:\/\/fotorosta.cz\/wp-content\/gallery\/dynobrani\/RP1_1913.JPG\"\n               data-thumbnail=\"https:\/\/fotorosta.cz\/wp-content\/gallery\/dynobrani\/thumbs\/thumbs_RP1_1913.JPG\"\n               data-image-id=\"57095\"\n               data-title=\"RP1_1913\"\n               data-description=\"\"\n               data-image-slug=\"rp1_1913\"\n               class=\"shutterset_957206c1b23208d1d5a136554c69abc5\">\n                <img\n                    title=\"RP1_1913\"\n                    alt=\"RP1_1913\"\n                    src=\"https:\/\/fotorosta.cz\/wp-content\/gallery\/dynobrani\/thumbs\/thumbs_RP1_1913.JPG\"\n                    width=\"100\"\n                    height=\"75\"\n                    style=\"max-width:100%;\"\n                \/>\n            <\/a>\n        <\/div>\n\t\t\t\t\t\t\t<\/div> \n\t\t\t\n\t\n\t<br style=\"clear: both\" \/>\n\n\t\t<div class=\"slideshowlink\">\n        <a href='https:\/\/fotorosta.cz\/index.php\/nggallery\/slideshow?page_id=13778'>[Show as slideshow]<\/a>\n\t\t\n\t<\/div>\n\t\n\t\t<div class=\"ngg-clear\"><\/div>\n\t<\/div>\n\n","protected":false},"excerpt":{"rendered":"","protected":false},"author":1,"featured_media":0,"parent":10667,"menu_order":46,"comment_status":"closed","ping_status":"closed","template":"","meta":{"ngg_post_thumbnail":0},"_links":{"self":[{"href":"https:\/\/fotorosta.cz\/index.php?rest_route=\/wp\/v2\/pages\/13778"}],"collection":[{"href":"https:\/\/fotorosta.cz\/index.php?rest_route=\/wp\/v2\/pages"}],"about":[{"href":"https:\/\/fotorosta.cz\/index.php?rest_route=\/wp\/v2\/types\/page"}],"author":[{"embeddable":true,"href":"https:\/\/fotorosta.cz\/index.php?rest_route=\/wp\/v2\/users\/1"}],"replies":[{"embeddable":true,"href":"https:\/\/fotorosta.cz\/index.php?rest_route=%2Fwp%2Fv2%2Fcomments&post=13778"}],"version-history":[{"count":1,"href":"https:\/\/fotorosta.cz\/index.php?rest_route=\/wp\/v2\/pages\/13778\/revisions"}],"predecessor-version":[{"id":13779,"href":"https:\/\/fotorosta.cz\/index.php?rest_route=\/wp\/v2\/pages\/13778\/revisions\/13779"}],"up":[{"embeddable":true,"href":"https:\/\/fotorosta.cz\/index.php?rest_route=\/wp\/v2\/pages\/10667"}],"wp:attachment":[{"href":"https:\/\/fotorosta.cz\/index.php?rest_route=%2Fwp%2Fv2%2Fmedia&parent=13778"}],"curies":[{"name":"wp","href":"https:\/\/api.w.org\/{rel}","templated":true}]}}